{"id":8730,"date":"2025-12-23T20:54:41","date_gmt":"2025-12-23T18:54:41","guid":{"rendered":"https:\/\/davidlespect.com\/?post_type=product&#038;p=8730"},"modified":"2026-03-12T19:33:46","modified_gmt":"2026-03-12T18:33:46","slug":"unnamed01-silver","status":"publish","type":"product","link":"https:\/\/davidlespect.com\/en\/product\/unnamed01-silver\/","title":{"rendered":"UNNAMED#01 SILVER"},"content":{"rendered":"<h2 class=\"p2\" data-ogsc=\"rgb(0, 0, 0)\"><span class=\"s2\">Dimensions<\/span><\/h2>\n<p class=\"p2\" data-ogsc=\"rgb(0, 0, 0)\"><span class=\"s2\">Closed knife: 9cm\u00a0<\/span><\/p>\n<p class=\"p2\" data-ogsc=\"rgb(0, 0, 0)\"><span class=\"s2\">Open knife: 15cm\u00a0\u00a0<\/span><\/p>\n<p class=\"p2\" data-ogsc=\"rgb(0, 0, 0)\"><span class=\"s2\">Blade: 6,5 cm\u00a0<\/span><\/p>\n<p class=\"p2\" data-ogsc=\"rgb(0, 0, 0)\"><span class=\"s2\">Blade thickness: 3mm<\/span><\/p>\n<p class=\"p2\" data-ogsc=\"rgb(0, 0, 0)\"><span class=\"s2\">Overall thickness: 13 mm without the clip<\/span><\/p>\n<h2 data-ogsc=\"rgb(0, 0, 0)\">Materials<\/h2>\n<p class=\"p2\" data-ogsc=\"rgb(0, 0, 0)\"><span class=\"s2\">Steel: s35v\u00a0\u00a0<\/span><\/p>\n<p class=\"p2\" data-ogsc=\"rgb(0, 0, 0)\"><span class=\"s2\">Liners and titanium clip: grade 5\u00a0<\/span><\/p>\n<p class=\"p2\" data-ogsc=\"rgb(0, 0, 0)\"><span class=\"s2\">Scales and collar: black g10<\/span><\/p>\n<h2 data-ogsc=\"rgb(0, 0, 0)\"><span class=\"s2\">Weight: 78g\u00a0<\/span><\/h2>\n<p class=\"translation-block\">For this model, I have paired my design with the high industrial precision of <b data-path-to-node=\"4,0\" data-index-in-node=\"77\">WE Knives<\/b>. This partnership allows me to offer you impeccable mechanics and top-tier finishes, all while staying true to my identity as a bladesmith.<\/p>","protected":false},"excerpt":{"rendered":"<p>Dimensions Couteau ferm\u00e9 : 9cm\u00a0 Couteau ouvert : 15cm\u00a0 Lame : 6,5 cm\u00a0 \u00c9paisseur lame : 3mm \u00c9paisseur totale : 13 mm sans le clip Mati\u00e8res Acier : s35v\u00a0 Platine et clip titane : grade 5\u00a0 Plaquettes et collar : g10 noir Poids : 78g\u00a0 Pour ce mod\u00e8le, j\u2019ai alli\u00e9 mon design \u00e0 la haute [&hellip;]<\/p>\n","protected":false},"featured_media":9014,"template":"","meta":[],"product_brand":[],"product_cat":[73],"product_tag":[],"class_list":{"0":"post-8730","1":"product","2":"type-product","3":"status-publish","4":"has-post-thumbnail","6":"product_cat-uncategorized","8":"first","9":"outofstock","10":"sold-individually","11":"taxable","12":"shipping-taxable","13":"purchasable","14":"product-type-simple"},"yoast_head":"<!-- This site is optimized with the Yoast SEO plugin v27.3 - https:\/\/yoast.com\/product\/yoast-seo-wordpress\/ -->\n<title>UNNAMED#01 SILVER - David Lespect<\/title>\n<meta name=\"robots\" content=\"index, follow, max-snippet:-1, max-image-preview:large, max-video-preview:-1\" \/>\n<link rel=\"canonical\" href=\"https:\/\/davidlespect.com\/en\/product\/unnamed01-silver\/\" \/>\n<meta property=\"og:locale\" content=\"en_US\" \/>\n<meta property=\"og:type\" content=\"article\" \/>\n<meta property=\"og:title\" content=\"UNNAMED#01 SILVER - David Lespect\" \/>\n<meta property=\"og:description\" content=\"Dimensions Couteau ferm\u00e9 : 9cm\u00a0 Couteau ouvert : 15cm\u00a0 Lame : 6,5 cm\u00a0 \u00c9paisseur lame : 3mm \u00c9paisseur totale : 13 mm sans le clip Mati\u00e8res Acier : s35v\u00a0 Platine et clip titane : grade 5\u00a0 Plaquettes et collar : g10 noir Poids : 78g\u00a0 Pour ce mod\u00e8le, j\u2019ai alli\u00e9 mon design \u00e0 la haute [&hellip;]\" \/>\n<meta property=\"og:url\" content=\"https:\/\/davidlespect.com\/en\/product\/unnamed01-silver\/\" \/>\n<meta property=\"og:site_name\" content=\"David Lespect\" \/>\n<meta property=\"article:publisher\" content=\"https:\/\/www.facebook.com\/profile.php?id=100057717570300\" \/>\n<meta property=\"article:modified_time\" content=\"2026-03-12T18:33:46+00:00\" \/>\n<meta property=\"og:image\" content=\"https:\/\/davidlespect.com\/wp-content\/uploads\/2025\/12\/A7ED3151-71DB-4E07-A0D1-99C53C0D9E6C.jpg\" \/>\n\t<meta property=\"og:image:width\" content=\"1536\" \/>\n\t<meta property=\"og:image:height\" content=\"2048\" \/>\n\t<meta property=\"og:image:type\" content=\"image\/jpeg\" \/>\n<meta name=\"twitter:card\" content=\"summary_large_image\" \/>\n<meta name=\"twitter:label1\" content=\"Est. reading time\" \/>\n\t<meta name=\"twitter:data1\" content=\"1 minute\" \/>\n<script type=\"application\/ld+json\" class=\"yoast-schema-graph\">{\"@context\":\"https:\\\/\\\/schema.org\",\"@graph\":[{\"@type\":\"WebPage\",\"@id\":\"https:\\\/\\\/davidlespect.com\\\/product\\\/unnamed01-silver\\\/\",\"url\":\"https:\\\/\\\/davidlespect.com\\\/product\\\/unnamed01-silver\\\/\",\"name\":\"UNNAMED#01 SILVER - David Lespect\",\"isPartOf\":{\"@id\":\"https:\\\/\\\/davidlespect.com\\\/#website\"},\"primaryImageOfPage\":{\"@id\":\"https:\\\/\\\/davidlespect.com\\\/product\\\/unnamed01-silver\\\/#primaryimage\"},\"image\":{\"@id\":\"https:\\\/\\\/davidlespect.com\\\/product\\\/unnamed01-silver\\\/#primaryimage\"},\"thumbnailUrl\":\"https:\\\/\\\/davidlespect.com\\\/wp-content\\\/uploads\\\/2025\\\/12\\\/A7ED3151-71DB-4E07-A0D1-99C53C0D9E6C.jpg\",\"datePublished\":\"2025-12-23T18:54:41+00:00\",\"dateModified\":\"2026-03-12T18:33:46+00:00\",\"breadcrumb\":{\"@id\":\"https:\\\/\\\/davidlespect.com\\\/product\\\/unnamed01-silver\\\/#breadcrumb\"},\"inLanguage\":\"en-US\",\"potentialAction\":[{\"@type\":\"ReadAction\",\"target\":[\"https:\\\/\\\/davidlespect.com\\\/product\\\/unnamed01-silver\\\/\"]}]},{\"@type\":\"ImageObject\",\"inLanguage\":\"en-US\",\"@id\":\"https:\\\/\\\/davidlespect.com\\\/product\\\/unnamed01-silver\\\/#primaryimage\",\"url\":\"https:\\\/\\\/davidlespect.com\\\/wp-content\\\/uploads\\\/2025\\\/12\\\/A7ED3151-71DB-4E07-A0D1-99C53C0D9E6C.jpg\",\"contentUrl\":\"https:\\\/\\\/davidlespect.com\\\/wp-content\\\/uploads\\\/2025\\\/12\\\/A7ED3151-71DB-4E07-A0D1-99C53C0D9E6C.jpg\",\"width\":1536,\"height\":2048,\"caption\":\"Davless cr\u00e9ation UNNAMED#1 Silver. Couteau design\u00e9 par David Lespect\"},{\"@type\":\"BreadcrumbList\",\"@id\":\"https:\\\/\\\/davidlespect.com\\\/product\\\/unnamed01-silver\\\/#breadcrumb\",\"itemListElement\":[{\"@type\":\"ListItem\",\"position\":1,\"name\":\"Accueil\",\"item\":\"https:\\\/\\\/davidlespect.com\\\/\"},{\"@type\":\"ListItem\",\"position\":2,\"name\":\"Produits\",\"item\":\"https:\\\/\\\/davidlespect.com\\\/shop\\\/\"},{\"@type\":\"ListItem\",\"position\":3,\"name\":\"UNNAMED#01 SILVER\"}]},{\"@type\":\"WebSite\",\"@id\":\"https:\\\/\\\/davidlespect.com\\\/#website\",\"url\":\"https:\\\/\\\/davidlespect.com\\\/\",\"name\":\"David Lespect\",\"description\":\"Forgeron coutelier - French Bladesmith\",\"publisher\":{\"@id\":\"https:\\\/\\\/davidlespect.com\\\/#\\\/schema\\\/person\\\/6e832c021ee2088a216422b981f58036\"},\"potentialAction\":[{\"@type\":\"SearchAction\",\"target\":{\"@type\":\"EntryPoint\",\"urlTemplate\":\"https:\\\/\\\/davidlespect.com\\\/?s={search_term_string}\"},\"query-input\":{\"@type\":\"PropertyValueSpecification\",\"valueRequired\":true,\"valueName\":\"search_term_string\"}}],\"inLanguage\":\"en-US\"},{\"@type\":[\"Person\",\"Organization\"],\"@id\":\"https:\\\/\\\/davidlespect.com\\\/#\\\/schema\\\/person\\\/6e832c021ee2088a216422b981f58036\",\"name\":\"David Lespect\",\"image\":{\"@type\":\"ImageObject\",\"inLanguage\":\"en-US\",\"@id\":\"https:\\\/\\\/peachpuff-dog-398297.hostingersite.com\\\/wp-content\\\/uploads\\\/2022\\\/12\\\/Davless-Session-Select-2019-13-scaled.jpg\",\"url\":\"https:\\\/\\\/peachpuff-dog-398297.hostingersite.com\\\/wp-content\\\/uploads\\\/2022\\\/12\\\/Davless-Session-Select-2019-13-scaled.jpg\",\"contentUrl\":\"https:\\\/\\\/peachpuff-dog-398297.hostingersite.com\\\/wp-content\\\/uploads\\\/2022\\\/12\\\/Davless-Session-Select-2019-13-scaled.jpg\",\"width\":2560,\"height\":1709,\"caption\":\"David Lespect\"},\"logo\":{\"@id\":\"https:\\\/\\\/peachpuff-dog-398297.hostingersite.com\\\/wp-content\\\/uploads\\\/2022\\\/12\\\/Davless-Session-Select-2019-13-scaled.jpg\"},\"sameAs\":[\"https:\\\/\\\/www.facebook.com\\\/profile.php?id=100057717570300\",\"https:\\\/\\\/www.instagram.com\\\/knives_david_lespect\\\/\"]}]}<\/script>\n<!-- \/ Yoast SEO plugin. -->","yoast_head_json":{"title":"UNNAMED#01 SILVER - David Lespect","robots":{"index":"index","follow":"follow","max-snippet":"max-snippet:-1","max-image-preview":"max-image-preview:large","max-video-preview":"max-video-preview:-1"},"canonical":"https:\/\/davidlespect.com\/en\/product\/unnamed01-silver\/","og_locale":"en_US","og_type":"article","og_title":"UNNAMED#01 SILVER - David Lespect","og_description":"Dimensions Couteau ferm\u00e9 : 9cm\u00a0 Couteau ouvert : 15cm\u00a0 Lame : 6,5 cm\u00a0 \u00c9paisseur lame : 3mm \u00c9paisseur totale : 13 mm sans le clip Mati\u00e8res Acier : s35v\u00a0 Platine et clip titane : grade 5\u00a0 Plaquettes et collar : g10 noir Poids : 78g\u00a0 Pour ce mod\u00e8le, j\u2019ai alli\u00e9 mon design \u00e0 la haute [&hellip;]","og_url":"https:\/\/davidlespect.com\/en\/product\/unnamed01-silver\/","og_site_name":"David Lespect","article_publisher":"https:\/\/www.facebook.com\/profile.php?id=100057717570300","article_modified_time":"2026-03-12T18:33:46+00:00","og_image":[{"width":1536,"height":2048,"url":"https:\/\/davidlespect.com\/wp-content\/uploads\/2025\/12\/A7ED3151-71DB-4E07-A0D1-99C53C0D9E6C.jpg","type":"image\/jpeg"}],"twitter_card":"summary_large_image","twitter_misc":{"Est. reading time":"1 minute"},"schema":{"@context":"https:\/\/schema.org","@graph":[{"@type":"WebPage","@id":"https:\/\/davidlespect.com\/product\/unnamed01-silver\/","url":"https:\/\/davidlespect.com\/product\/unnamed01-silver\/","name":"UNNAMED#01 SILVER - David Lespect","isPartOf":{"@id":"https:\/\/davidlespect.com\/#website"},"primaryImageOfPage":{"@id":"https:\/\/davidlespect.com\/product\/unnamed01-silver\/#primaryimage"},"image":{"@id":"https:\/\/davidlespect.com\/product\/unnamed01-silver\/#primaryimage"},"thumbnailUrl":"https:\/\/davidlespect.com\/wp-content\/uploads\/2025\/12\/A7ED3151-71DB-4E07-A0D1-99C53C0D9E6C.jpg","datePublished":"2025-12-23T18:54:41+00:00","dateModified":"2026-03-12T18:33:46+00:00","breadcrumb":{"@id":"https:\/\/davidlespect.com\/product\/unnamed01-silver\/#breadcrumb"},"inLanguage":"en-US","potentialAction":[{"@type":"ReadAction","target":["https:\/\/davidlespect.com\/product\/unnamed01-silver\/"]}]},{"@type":"ImageObject","inLanguage":"en-US","@id":"https:\/\/davidlespect.com\/product\/unnamed01-silver\/#primaryimage","url":"https:\/\/davidlespect.com\/wp-content\/uploads\/2025\/12\/A7ED3151-71DB-4E07-A0D1-99C53C0D9E6C.jpg","contentUrl":"https:\/\/davidlespect.com\/wp-content\/uploads\/2025\/12\/A7ED3151-71DB-4E07-A0D1-99C53C0D9E6C.jpg","width":1536,"height":2048,"caption":"Davless cr\u00e9ation UNNAMED#1 Silver. Couteau design\u00e9 par David Lespect"},{"@type":"BreadcrumbList","@id":"https:\/\/davidlespect.com\/product\/unnamed01-silver\/#breadcrumb","itemListElement":[{"@type":"ListItem","position":1,"name":"Accueil","item":"https:\/\/davidlespect.com\/"},{"@type":"ListItem","position":2,"name":"Produits","item":"https:\/\/davidlespect.com\/shop\/"},{"@type":"ListItem","position":3,"name":"UNNAMED#01 SILVER"}]},{"@type":"WebSite","@id":"https:\/\/davidlespect.com\/#website","url":"https:\/\/davidlespect.com\/","name":"David Lespect","description":"Forgeron coutelier - French Bladesmith","publisher":{"@id":"https:\/\/davidlespect.com\/#\/schema\/person\/6e832c021ee2088a216422b981f58036"},"potentialAction":[{"@type":"SearchAction","target":{"@type":"EntryPoint","urlTemplate":"https:\/\/davidlespect.com\/?s={search_term_string}"},"query-input":{"@type":"PropertyValueSpecification","valueRequired":true,"valueName":"search_term_string"}}],"inLanguage":"en-US"},{"@type":["Person","Organization"],"@id":"https:\/\/davidlespect.com\/#\/schema\/person\/6e832c021ee2088a216422b981f58036","name":"David Lespect","image":{"@type":"ImageObject","inLanguage":"en-US","@id":"https:\/\/peachpuff-dog-398297.hostingersite.com\/wp-content\/uploads\/2022\/12\/Davless-Session-Select-2019-13-scaled.jpg","url":"https:\/\/peachpuff-dog-398297.hostingersite.com\/wp-content\/uploads\/2022\/12\/Davless-Session-Select-2019-13-scaled.jpg","contentUrl":"https:\/\/peachpuff-dog-398297.hostingersite.com\/wp-content\/uploads\/2022\/12\/Davless-Session-Select-2019-13-scaled.jpg","width":2560,"height":1709,"caption":"David Lespect"},"logo":{"@id":"https:\/\/peachpuff-dog-398297.hostingersite.com\/wp-content\/uploads\/2022\/12\/Davless-Session-Select-2019-13-scaled.jpg"},"sameAs":["https:\/\/www.facebook.com\/profile.php?id=100057717570300","https:\/\/www.instagram.com\/knives_david_lespect\/"]}]}},"_links":{"self":[{"href":"https:\/\/davidlespect.com\/en\/wp-json\/wp\/v2\/product\/8730","targetHints":{"allow":["GET"]}}],"collection":[{"href":"https:\/\/davidlespect.com\/en\/wp-json\/wp\/v2\/product"}],"about":[{"href":"https:\/\/davidlespect.com\/en\/wp-json\/wp\/v2\/types\/product"}],"wp:featuredmedia":[{"embeddable":true,"href":"https:\/\/davidlespect.com\/en\/wp-json\/wp\/v2\/media\/9014"}],"wp:attachment":[{"href":"https:\/\/davidlespect.com\/en\/wp-json\/wp\/v2\/media?parent=8730"}],"wp:term":[{"taxonomy":"product_brand","embeddable":true,"href":"https:\/\/davidlespect.com\/en\/wp-json\/wp\/v2\/product_brand?post=8730"},{"taxonomy":"product_cat","embeddable":true,"href":"https:\/\/davidlespect.com\/en\/wp-json\/wp\/v2\/product_cat?post=8730"},{"taxonomy":"product_tag","embeddable":true,"href":"https:\/\/davidlespect.com\/en\/wp-json\/wp\/v2\/product_tag?post=8730"}],"curies":[{"name":"wp","href":"https:\/\/api.w.org\/{rel}","templated":true}]}}