{"id":7457,"date":"2016-05-04T10:04:11","date_gmt":"2016-05-04T10:04:11","guid":{"rendered":"https:\/\/davidlespect.com\/?page_id=7457"},"modified":"2025-12-29T14:54:51","modified_gmt":"2025-12-29T13:54:51","slug":"mentions-legales","status":"publish","type":"page","link":"https:\/\/davidlespect.com\/en\/mentions-legales\/","title":{"rendered":"Legal notice"},"content":{"rendered":"<div data-elementor-type=\"wp-page\" data-elementor-id=\"7457\" class=\"elementor elementor-7457\" data-elementor-post-type=\"page\">\n\t\t\t\t<div class=\"elementor-element elementor-element-3a1baee3 e-flex e-con-boxed e-con e-parent\" data-id=\"3a1baee3\" data-element_type=\"container\" data-e-type=\"container\">\n\t\t\t\t\t<div class=\"e-con-inner\">\n\t\t\t\t<div class=\"elementor-element elementor-element-25139ed elementor-widget elementor-widget-heading\" data-id=\"25139ed\" data-element_type=\"widget\" data-e-type=\"widget\" data-widget_type=\"heading.default\">\n\t\t\t\t\t<h2 class=\"elementor-heading-title elementor-size-default\">Legal notice<\/h2>\t\t\t\t<\/div>\n\t\t\t\t<div class=\"elementor-element elementor-element-ae0dd5f elementor-widget elementor-widget-text-editor\" data-id=\"ae0dd5f\" data-element_type=\"widget\" data-e-type=\"widget\" data-widget_type=\"text-editor.default\">\n\t\t\t\t\t\t\t\t\t<p data-path-to-node=\"4\">In accordance with the provisions of French Law No. 2004-575 of June 21, 2004, regarding trust in the digital economy (L.C.E.N.), users of the website <b data-path-to-node=\"4\" data-index-in-node=\"151\">davidlespect.com<\/b> are informed of the identity of the various parties involved in its creation and monitoring.<\/p><h3 data-path-to-node=\"5\">1. Website Publisher<\/h3><p data-path-to-node=\"6\">The website <b data-path-to-node=\"6\" data-index-in-node=\"8\">davidlespect.com<\/b> is published by the company:<\/p><ul data-path-to-node=\"7\"><li><p data-path-to-node=\"7,0,1\"><span data-path-to-node=\"7,0,1,0\"><b data-path-to-node=\"7,0,1,0\" data-index-in-node=\"0\"><span class=\"citation-34\">Company Name:<\/span><\/b><span class=\"citation-34\"> Davless cr\u00e9ations <\/span><\/span><\/p><\/li><li><p data-path-to-node=\"7,1,1\"><span data-path-to-node=\"7,1,1,0\"><b data-path-to-node=\"7,1,1,0\" data-index-in-node=\"0\"><span class=\"citation-33\">Legal Form:<\/span><\/b><span class=\"citation-33\"> Soci\u00e9t\u00e9 par actions simplifi\u00e9e \u00e0 associ\u00e9 unique (SASU) <\/span><\/span><\/p><\/li><li><p data-path-to-node=\"7,2,1\"><span data-path-to-node=\"7,2,1,0\"><b data-path-to-node=\"7,2,1,0\" data-index-in-node=\"0\"><span class=\"citation-32\">Share Capital:<\/span><\/b><span class=\"citation-32\"> 100,00 \u20ac <\/span><\/span><\/p><\/li><li><p data-path-to-node=\"7,3,1\"><span data-path-to-node=\"7,3,1,0\"><b data-path-to-node=\"7,3,1,0\" data-index-in-node=\"0\"><span class=\"citation-31\">Registered Office:<\/span><\/b><span class=\"citation-31\"> 3 Ruelle du Point du Jour, 26160 Saint-Gervais-sur-Roubion, FRANCE <\/span><\/span><\/p><\/li><li><p data-path-to-node=\"7,4,1\"><span data-path-to-node=\"7,4,1,0\"><b data-path-to-node=\"7,4,1,0\" data-index-in-node=\"0\"><span class=\"citation-30\">RCS :<\/span><\/b><span class=\"citation-30\"> Inscrite au Registre du Commerce et des Soci\u00e9t\u00e9s de Romans <\/span><\/span><\/p><\/li><li><p data-path-to-node=\"7,5,1\"><span data-path-to-node=\"7,5,1,0\"><b data-path-to-node=\"7,5,1,0\" data-index-in-node=\"0\"><span class=\"citation-29\">Num\u00e9ro SIREN :<\/span><\/b><span class=\"citation-29\"> 995 143 468 <\/span><\/span><\/p><\/li><li><p data-path-to-node=\"7,6,0\"><b data-path-to-node=\"7,6,0\" data-index-in-node=\"0\">Intracommunity VAT Number:<\/b> FR 23 995 143 468<\/p><\/li><li><p data-path-to-node=\"7,7,0\"><b data-path-to-node=\"7,7,0\" data-index-in-node=\"0\">Email<\/b> david@davidlespect.com<\/p><\/li><li><p data-path-to-node=\"7,8,0\"><b data-path-to-node=\"7,8,0\" data-index-in-node=\"0\">Phone:<\/b> +33 6 23 03 04 60<\/p><\/li><\/ul><p data-path-to-node=\"9\"><span data-path-to-node=\"9,0\"><b data-path-to-node=\"9,0\" data-index-in-node=\"0\"><span class=\"citation-28\">Director of Publication:<\/span><\/b><span class=\"citation-28\"> M. David Lespect, en sa qualit\u00e9 de Pr\u00e9sident<\/span><\/span><span data-path-to-node=\"9,2\">.<\/span><\/p><h3 data-path-to-node=\"10\">2. Hosting Provider<\/h3><p data-path-to-node=\"11\">The website is hosted by:<\/p><ul data-path-to-node=\"12\"><li><p data-path-to-node=\"12,0,0\"><b data-path-to-node=\"12,0,0\" data-index-in-node=\"0\">Company:<\/b> Hostinger International Ltd.<\/p><\/li><li><p data-path-to-node=\"12,1,0\"><b data-path-to-node=\"12,1,0\" data-index-in-node=\"0\">Address:<\/b> 61 Lordou Vironos Street, 6023 Larnaca, CHYPRE<\/p><\/li><li><p data-path-to-node=\"12,2,0\"><b data-path-to-node=\"12,2,0\" data-index-in-node=\"0\">Website:<\/b> <a class=\"ng-star-inserted\" href=\"https:\/\/www.hostinger.fr\" target=\"_blank\" rel=\"noopener\" data-hveid=\"0\" data-ved=\"0CAAQ_4QMahgKEwiT14r3vdORAxUAAAAAHQAAAAAQ-gU\">https:\/\/www.hostinger.fr<\/a><\/p><\/li><li><p data-path-to-node=\"12,3,0\"><b data-path-to-node=\"12,3,0\" data-index-in-node=\"0\">Contact :<\/b> <a class=\"ng-star-inserted\" href=\"https:\/\/www.hostinger.fr\/contact\" target=\"_blank\" rel=\"noopener\" data-hveid=\"0\" data-ved=\"0CAAQ_4QMahgKEwiT14r3vdORAxUAAAAAHQAAAAAQ-wU\">https:\/\/www.hostinger.fr\/contact<\/a><\/p><\/li><\/ul><h3 data-path-to-node=\"13\">\u00a0<\/h3><h3 data-path-to-node=\"13\">3. Design and Technical Maintenance<\/h3><ul data-path-to-node=\"14\"><li><p data-path-to-node=\"14,0,0\"><b data-path-to-node=\"14,0,0\" data-index-in-node=\"0\">Technical Manager (Webmaster):<\/b> Jonathan Lespect<\/p><\/li><li><p data-path-to-node=\"14,1,0\"><b data-path-to-node=\"14,1,0\" data-index-in-node=\"0\">Technical Contact:<\/b> jonathan@oh-numerique.com<\/p><\/li><\/ul><h3 data-path-to-node=\"15\">\u00a0<\/h3><h3 data-path-to-node=\"15\">4. Intellectual Property<\/h3><p data-path-to-node=\"16\">All elements appearing on the site davidlespect.com (texts, graphics, software, photographs, images, videos, sounds, logos, brands, etc.) as well as the site itself, are subject to French and international legislation on copyright and intellectual property.<\/p><p data-path-to-node=\"17\"><span data-path-to-node=\"17,1\"><span class=\"citation-27\">These elements are the exclusive property of the company <\/span><b data-path-to-node=\"17,1\" data-index-in-node=\"55\"><span class=\"citation-27\">Davless cr\u00e9ations<\/span><\/b><\/span><span data-path-to-node=\"17,3\">, except for elements created by external parties who have not assigned their copyright. Any reproduction, representation, or distribution, in whole or in part, is prohibited without express written authorization.<\/span><\/p><div class=\"source-inline-chip-container ng-star-inserted\">\u00a0<\/div><h3 data-path-to-node=\"18\">5. Liability<\/h3><p data-path-to-node=\"19\">The Publisher strives to provide information that is as accurate as possible. However, it cannot be held responsible for omissions, inaccuracies, or deficiencies in updates, whether of its own doing or that of third-party partners.<\/p><p data-path-to-node=\"20\">The website may contain hyperlinks to other websites. The Publisher does not have the ability to verify the content of the sites visited and therefore declines all responsibility for any potential illicit content.<\/p><h3 data-path-to-node=\"21\">\u00a0<\/h3><h3 data-path-to-node=\"21\">6. Applicable Law and Jurisdiction<\/h3><p data-path-to-node=\"22\">The present website and its legal notices are subject to <b data-path-to-node=\"22\" data-index-in-node=\"55\">French law<\/b>, regardless of the user's location or place of connection.<\/p><p data-path-to-node=\"23\">In the event of a dispute, and failing an amicable agreement, exclusive jurisdiction is granted to the competent courts within the jurisdiction of the Publisher's registered office (Tribunal de Commerce de Romans), notwithstanding multiple defendants or third-party claims. For consumers (B2C) residing within the European Union, mandatory provisions of the consumer protection laws of their country of residence may apply.<\/p>\t\t\t\t\t\t\t\t<\/div>\n\t\t\t\t\t<\/div>\n\t\t\t\t<\/div>\n\t\t\t\t<\/div>","protected":false},"excerpt":{"rendered":"<p>Mentions l\u00e9gales Conform\u00e9ment aux dispositions de la loi n\u00b0 2004-575 du 21 juin 2004 pour la confiance en l&rsquo;\u00e9conomie num\u00e9rique, il est pr\u00e9cis\u00e9 aux utilisateurs du site davidlespect.com l&rsquo;identit\u00e9 des diff\u00e9rents intervenants dans le cadre de sa r\u00e9alisation et de son suivi. 1. \u00c9diteur du Site Le site davidlespect.com est \u00e9dit\u00e9 par la soci\u00e9t\u00e9 : [&hellip;]<\/p>\n","protected":false},"author":3,"featured_media":0,"parent":0,"menu_order":0,"comment_status":"closed","ping_status":"closed","template":"elementor_header_footer","meta":{"footnotes":""},"class_list":["post-7457","page","type-page","status-publish","hentry"],"yoast_head":"<!-- This site is optimized with the Yoast SEO plugin v27.5 - https:\/\/yoast.com\/product\/yoast-seo-wordpress\/ -->\n<title>Mentions l\u00e9gales - David Lespect<\/title>\n<meta name=\"description\" content=\"Bienvenue sur le site du forgeron de couteaux, David Lespect. Vous trouverez ici toutes les informations concernant David. Son parcours, son atelier et ses cr\u00e9ations.\" \/>\n<meta name=\"robots\" content=\"noindex, nofollow\" \/>\n<meta property=\"og:locale\" content=\"en_US\" \/>\n<meta property=\"og:type\" content=\"article\" \/>\n<meta property=\"og:title\" content=\"Mentions l\u00e9gales - David Lespect\" \/>\n<meta property=\"og:description\" content=\"Bienvenue sur le site du forgeron de couteaux, David Lespect. Vous trouverez ici toutes les informations concernant David. Son parcours, son atelier et ses cr\u00e9ations.\" \/>\n<meta property=\"og:url\" content=\"https:\/\/davidlespect.com\/en\/mentions-legales\/\" \/>\n<meta property=\"og:site_name\" content=\"David Lespect\" \/>\n<meta property=\"article:publisher\" content=\"https:\/\/www.facebook.com\/profile.php?id=100057717570300\" \/>\n<meta property=\"article:modified_time\" content=\"2025-12-29T13:54:51+00:00\" \/>\n<meta name=\"twitter:card\" content=\"summary_large_image\" \/>\n<meta name=\"twitter:label1\" content=\"Est. reading time\" \/>\n\t<meta name=\"twitter:data1\" content=\"3 minutes\" \/>\n<script type=\"application\/ld+json\" class=\"yoast-schema-graph\">{\"@context\":\"https:\\\/\\\/schema.org\",\"@graph\":[{\"@type\":\"WebPage\",\"@id\":\"https:\\\/\\\/davidlespect.com\\\/mentions-legales\\\/\",\"url\":\"https:\\\/\\\/davidlespect.com\\\/mentions-legales\\\/\",\"name\":\"Mentions l\u00e9gales - David Lespect\",\"isPartOf\":{\"@id\":\"https:\\\/\\\/davidlespect.com\\\/#website\"},\"datePublished\":\"2016-05-04T10:04:11+00:00\",\"dateModified\":\"2025-12-29T13:54:51+00:00\",\"description\":\"Bienvenue sur le site du forgeron de couteaux, David Lespect. Vous trouverez ici toutes les informations concernant David. Son parcours, son atelier et ses cr\u00e9ations.\",\"breadcrumb\":{\"@id\":\"https:\\\/\\\/davidlespect.com\\\/mentions-legales\\\/#breadcrumb\"},\"inLanguage\":\"en-US\",\"potentialAction\":[{\"@type\":\"ReadAction\",\"target\":[\"https:\\\/\\\/davidlespect.com\\\/mentions-legales\\\/\"]}]},{\"@type\":\"BreadcrumbList\",\"@id\":\"https:\\\/\\\/davidlespect.com\\\/mentions-legales\\\/#breadcrumb\",\"itemListElement\":[{\"@type\":\"ListItem\",\"position\":1,\"name\":\"Accueil\",\"item\":\"https:\\\/\\\/davidlespect.com\\\/\"},{\"@type\":\"ListItem\",\"position\":2,\"name\":\"Mentions l\u00e9gales\"}]},{\"@type\":\"WebSite\",\"@id\":\"https:\\\/\\\/davidlespect.com\\\/#website\",\"url\":\"https:\\\/\\\/davidlespect.com\\\/\",\"name\":\"David Lespect\",\"description\":\"Forgeron coutelier - French Bladesmith\",\"publisher\":{\"@id\":\"https:\\\/\\\/davidlespect.com\\\/#\\\/schema\\\/person\\\/6e832c021ee2088a216422b981f58036\"},\"potentialAction\":[{\"@type\":\"SearchAction\",\"target\":{\"@type\":\"EntryPoint\",\"urlTemplate\":\"https:\\\/\\\/davidlespect.com\\\/?s={search_term_string}\"},\"query-input\":{\"@type\":\"PropertyValueSpecification\",\"valueRequired\":true,\"valueName\":\"search_term_string\"}}],\"inLanguage\":\"en-US\"},{\"@type\":[\"Person\",\"Organization\"],\"@id\":\"https:\\\/\\\/davidlespect.com\\\/#\\\/schema\\\/person\\\/6e832c021ee2088a216422b981f58036\",\"name\":\"David Lespect\",\"image\":{\"@type\":\"ImageObject\",\"inLanguage\":\"en-US\",\"@id\":\"https:\\\/\\\/peachpuff-dog-398297.hostingersite.com\\\/wp-content\\\/uploads\\\/2022\\\/12\\\/Davless-Session-Select-2019-13-scaled.jpg\",\"url\":\"https:\\\/\\\/peachpuff-dog-398297.hostingersite.com\\\/wp-content\\\/uploads\\\/2022\\\/12\\\/Davless-Session-Select-2019-13-scaled.jpg\",\"contentUrl\":\"https:\\\/\\\/peachpuff-dog-398297.hostingersite.com\\\/wp-content\\\/uploads\\\/2022\\\/12\\\/Davless-Session-Select-2019-13-scaled.jpg\",\"width\":2560,\"height\":1709,\"caption\":\"David Lespect\"},\"logo\":{\"@id\":\"https:\\\/\\\/peachpuff-dog-398297.hostingersite.com\\\/wp-content\\\/uploads\\\/2022\\\/12\\\/Davless-Session-Select-2019-13-scaled.jpg\"},\"sameAs\":[\"https:\\\/\\\/www.facebook.com\\\/profile.php?id=100057717570300\",\"https:\\\/\\\/www.instagram.com\\\/knives_david_lespect\\\/\"]}]}<\/script>\n<!-- \/ Yoast SEO plugin. -->","yoast_head_json":{"title":"Mentions l\u00e9gales - David Lespect","description":"Bienvenue sur le site du forgeron de couteaux, David Lespect. Vous trouverez ici toutes les informations concernant David. Son parcours, son atelier et ses cr\u00e9ations.","robots":{"index":"noindex","follow":"nofollow"},"og_locale":"en_US","og_type":"article","og_title":"Mentions l\u00e9gales - David Lespect","og_description":"Bienvenue sur le site du forgeron de couteaux, David Lespect. Vous trouverez ici toutes les informations concernant David. Son parcours, son atelier et ses cr\u00e9ations.","og_url":"https:\/\/davidlespect.com\/en\/mentions-legales\/","og_site_name":"David Lespect","article_publisher":"https:\/\/www.facebook.com\/profile.php?id=100057717570300","article_modified_time":"2025-12-29T13:54:51+00:00","twitter_card":"summary_large_image","twitter_misc":{"Est. reading time":"3 minutes"},"schema":{"@context":"https:\/\/schema.org","@graph":[{"@type":"WebPage","@id":"https:\/\/davidlespect.com\/mentions-legales\/","url":"https:\/\/davidlespect.com\/mentions-legales\/","name":"Mentions l\u00e9gales - David Lespect","isPartOf":{"@id":"https:\/\/davidlespect.com\/#website"},"datePublished":"2016-05-04T10:04:11+00:00","dateModified":"2025-12-29T13:54:51+00:00","description":"Bienvenue sur le site du forgeron de couteaux, David Lespect. Vous trouverez ici toutes les informations concernant David. Son parcours, son atelier et ses cr\u00e9ations.","breadcrumb":{"@id":"https:\/\/davidlespect.com\/mentions-legales\/#breadcrumb"},"inLanguage":"en-US","potentialAction":[{"@type":"ReadAction","target":["https:\/\/davidlespect.com\/mentions-legales\/"]}]},{"@type":"BreadcrumbList","@id":"https:\/\/davidlespect.com\/mentions-legales\/#breadcrumb","itemListElement":[{"@type":"ListItem","position":1,"name":"Accueil","item":"https:\/\/davidlespect.com\/"},{"@type":"ListItem","position":2,"name":"Mentions l\u00e9gales"}]},{"@type":"WebSite","@id":"https:\/\/davidlespect.com\/#website","url":"https:\/\/davidlespect.com\/","name":"David Lespect","description":"Forgeron coutelier - French Bladesmith","publisher":{"@id":"https:\/\/davidlespect.com\/#\/schema\/person\/6e832c021ee2088a216422b981f58036"},"potentialAction":[{"@type":"SearchAction","target":{"@type":"EntryPoint","urlTemplate":"https:\/\/davidlespect.com\/?s={search_term_string}"},"query-input":{"@type":"PropertyValueSpecification","valueRequired":true,"valueName":"search_term_string"}}],"inLanguage":"en-US"},{"@type":["Person","Organization"],"@id":"https:\/\/davidlespect.com\/#\/schema\/person\/6e832c021ee2088a216422b981f58036","name":"David Lespect","image":{"@type":"ImageObject","inLanguage":"en-US","@id":"https:\/\/peachpuff-dog-398297.hostingersite.com\/wp-content\/uploads\/2022\/12\/Davless-Session-Select-2019-13-scaled.jpg","url":"https:\/\/peachpuff-dog-398297.hostingersite.com\/wp-content\/uploads\/2022\/12\/Davless-Session-Select-2019-13-scaled.jpg","contentUrl":"https:\/\/peachpuff-dog-398297.hostingersite.com\/wp-content\/uploads\/2022\/12\/Davless-Session-Select-2019-13-scaled.jpg","width":2560,"height":1709,"caption":"David Lespect"},"logo":{"@id":"https:\/\/peachpuff-dog-398297.hostingersite.com\/wp-content\/uploads\/2022\/12\/Davless-Session-Select-2019-13-scaled.jpg"},"sameAs":["https:\/\/www.facebook.com\/profile.php?id=100057717570300","https:\/\/www.instagram.com\/knives_david_lespect\/"]}]}},"_hostinger_reach_plugin_has_subscription_block":false,"_hostinger_reach_plugin_is_elementor":false,"_links":{"self":[{"href":"https:\/\/davidlespect.com\/en\/wp-json\/wp\/v2\/pages\/7457","targetHints":{"allow":["GET"]}}],"collection":[{"href":"https:\/\/davidlespect.com\/en\/wp-json\/wp\/v2\/pages"}],"about":[{"href":"https:\/\/davidlespect.com\/en\/wp-json\/wp\/v2\/types\/page"}],"author":[{"embeddable":true,"href":"https:\/\/davidlespect.com\/en\/wp-json\/wp\/v2\/users\/3"}],"replies":[{"embeddable":true,"href":"https:\/\/davidlespect.com\/en\/wp-json\/wp\/v2\/comments?post=7457"}],"version-history":[{"count":5,"href":"https:\/\/davidlespect.com\/en\/wp-json\/wp\/v2\/pages\/7457\/revisions"}],"predecessor-version":[{"id":9057,"href":"https:\/\/davidlespect.com\/en\/wp-json\/wp\/v2\/pages\/7457\/revisions\/9057"}],"wp:attachment":[{"href":"https:\/\/davidlespect.com\/en\/wp-json\/wp\/v2\/media?parent=7457"}],"curies":[{"name":"wp","href":"https:\/\/api.w.org\/{rel}","templated":true}]}}